{"id":68,"date":"2017-08-19T12:49:42","date_gmt":"2017-08-19T10:49:42","guid":{"rendered":"https:\/\/zakarpatbudbp.cz\/?page_id=68\/"},"modified":"2017-08-19T12:49:42","modified_gmt":"2017-08-19T10:49:42","slug":"%d1%80%d0%b8%d1%8d%d0%bb%d1%82%d0%be%d1%80%d1%81%d0%ba%d0%b0%d1%8f-%d0%b4%d0%b5%d1%8f%d1%82%d0%b5%d0%bb%d1%8c%d0%bd%d0%be%d1%81%d1%82%d1%8c","status":"publish","type":"page","link":"https:\/\/zakarpatbudbp.cz\/ru\/%d1%80%d0%b8%d1%8d%d0%bb%d1%82%d0%be%d1%80%d1%81%d0%ba%d0%b0%d1%8f-%d0%b4%d0%b5%d1%8f%d1%82%d0%b5%d0%bb%d1%8c%d0%bd%d0%be%d1%81%d1%82%d1%8c\/","title":{"rendered":"\u0420\u0438\u044d\u043b\u0442\u043e\u0440\u0441\u043a\u0430\u044f \u0434\u0435\u044f\u0442\u0435\u043b\u044c\u043d\u043e\u0441\u0442\u044c"},"content":{"rendered":"","protected":false},"excerpt":{"rendered":"","protected":false},"author":1,"featured_media":0,"parent":0,"menu_order":0,"comment_status":"closed","ping_status":"closed","template":"template-reality.php","meta":{"footnotes":""},"class_list":["post-68","page","type-page","status-publish","hentry"],"yoast_head":"<!-- This site is optimized with the Yoast SEO plugin v27.3 - https:\/\/yoast.com\/product\/yoast-seo-wordpress\/ -->\n<title>\u0420\u0438\u044d\u043b\u0442\u043e\u0440\u0441\u043a\u0430\u044f \u0434\u0435\u044f\u0442\u0435\u043b\u044c\u043d\u043e\u0441\u0442\u044c - Zarkaptbud B.P.<\/title>\n<meta name=\"robots\" content=\"index, follow, max-snippet:-1, max-image-preview:large, max-video-preview:-1\" \/>\n<link rel=\"canonical\" href=\"https:\/\/zakarpatbudbp.cz\/ru\/\u0440\u0438\u044d\u043b\u0442\u043e\u0440\u0441\u043a\u0430\u044f-\u0434\u0435\u044f\u0442\u0435\u043b\u044c\u043d\u043e\u0441\u0442\u044c\/\" \/>\n<meta property=\"og:locale\" content=\"ru_RU\" \/>\n<meta property=\"og:type\" content=\"article\" \/>\n<meta property=\"og:title\" content=\"\u0420\u0438\u044d\u043b\u0442\u043e\u0440\u0441\u043a\u0430\u044f \u0434\u0435\u044f\u0442\u0435\u043b\u044c\u043d\u043e\u0441\u0442\u044c - Zarkaptbud B.P.\" \/>\n<meta property=\"og:url\" content=\"https:\/\/zakarpatbudbp.cz\/ru\/\u0440\u0438\u044d\u043b\u0442\u043e\u0440\u0441\u043a\u0430\u044f-\u0434\u0435\u044f\u0442\u0435\u043b\u044c\u043d\u043e\u0441\u0442\u044c\/\" \/>\n<meta property=\"og:site_name\" content=\"Zarkaptbud B.P.\" \/>\n<meta name=\"twitter:card\" content=\"summary_large_image\" \/>\n<script type=\"application\/ld+json\" class=\"yoast-schema-graph\">{\"@context\":\"https:\\\/\\\/schema.org\",\"@graph\":[{\"@type\":\"WebPage\",\"@id\":\"https:\\\/\\\/zakarpatbudbp.cz\\\/ru\\\/%d1%80%d0%b8%d1%8d%d0%bb%d1%82%d0%be%d1%80%d1%81%d0%ba%d0%b0%d1%8f-%d0%b4%d0%b5%d1%8f%d1%82%d0%b5%d0%bb%d1%8c%d0%bd%d0%be%d1%81%d1%82%d1%8c\\\/\",\"url\":\"https:\\\/\\\/zakarpatbudbp.cz\\\/ru\\\/%d1%80%d0%b8%d1%8d%d0%bb%d1%82%d0%be%d1%80%d1%81%d0%ba%d0%b0%d1%8f-%d0%b4%d0%b5%d1%8f%d1%82%d0%b5%d0%bb%d1%8c%d0%bd%d0%be%d1%81%d1%82%d1%8c\\\/\",\"name\":\"\u0420\u0438\u044d\u043b\u0442\u043e\u0440\u0441\u043a\u0430\u044f \u0434\u0435\u044f\u0442\u0435\u043b\u044c\u043d\u043e\u0441\u0442\u044c - Zarkaptbud B.P.\",\"isPartOf\":{\"@id\":\"https:\\\/\\\/zakarpatbudbp.cz\\\/#website\"},\"datePublished\":\"2017-08-19T10:49:42+00:00\",\"breadcrumb\":{\"@id\":\"https:\\\/\\\/zakarpatbudbp.cz\\\/ru\\\/%d1%80%d0%b8%d1%8d%d0%bb%d1%82%d0%be%d1%80%d1%81%d0%ba%d0%b0%d1%8f-%d0%b4%d0%b5%d1%8f%d1%82%d0%b5%d0%bb%d1%8c%d0%bd%d0%be%d1%81%d1%82%d1%8c\\\/#breadcrumb\"},\"inLanguage\":\"ru-RU\",\"potentialAction\":[{\"@type\":\"ReadAction\",\"target\":[\"https:\\\/\\\/zakarpatbudbp.cz\\\/ru\\\/%d1%80%d0%b8%d1%8d%d0%bb%d1%82%d0%be%d1%80%d1%81%d0%ba%d0%b0%d1%8f-%d0%b4%d0%b5%d1%8f%d1%82%d0%b5%d0%bb%d1%8c%d0%bd%d0%be%d1%81%d1%82%d1%8c\\\/\"]}]},{\"@type\":\"BreadcrumbList\",\"@id\":\"https:\\\/\\\/zakarpatbudbp.cz\\\/ru\\\/%d1%80%d0%b8%d1%8d%d0%bb%d1%82%d0%be%d1%80%d1%81%d0%ba%d0%b0%d1%8f-%d0%b4%d0%b5%d1%8f%d1%82%d0%b5%d0%bb%d1%8c%d0%bd%d0%be%d1%81%d1%82%d1%8c\\\/#breadcrumb\",\"itemListElement\":[{\"@type\":\"ListItem\",\"position\":1,\"name\":\"Dom\u016f\",\"item\":\"https:\\\/\\\/zakarpatbudbp.cz\\\/ru\\\/\"},{\"@type\":\"ListItem\",\"position\":2,\"name\":\"\u0420\u0438\u044d\u043b\u0442\u043e\u0440\u0441\u043a\u0430\u044f \u0434\u0435\u044f\u0442\u0435\u043b\u044c\u043d\u043e\u0441\u0442\u044c\"}]},{\"@type\":\"WebSite\",\"@id\":\"https:\\\/\\\/zakarpatbudbp.cz\\\/#website\",\"url\":\"https:\\\/\\\/zakarpatbudbp.cz\\\/\",\"name\":\"Zarkaptbud B.P.\",\"description\":\"Firma s \u0161irok\u00fdm portfoliem slu\u017eeb\",\"potentialAction\":[{\"@type\":\"SearchAction\",\"target\":{\"@type\":\"EntryPoint\",\"urlTemplate\":\"https:\\\/\\\/zakarpatbudbp.cz\\\/?s={search_term_string}\"},\"query-input\":{\"@type\":\"PropertyValueSpecification\",\"valueRequired\":true,\"valueName\":\"search_term_string\"}}],\"inLanguage\":\"ru-RU\"}]}<\/script>\n<!-- \/ Yoast SEO plugin. -->","yoast_head_json":{"title":"\u0420\u0438\u044d\u043b\u0442\u043e\u0440\u0441\u043a\u0430\u044f \u0434\u0435\u044f\u0442\u0435\u043b\u044c\u043d\u043e\u0441\u0442\u044c - Zarkaptbud B.P.","robots":{"index":"index","follow":"follow","max-snippet":"max-snippet:-1","max-image-preview":"max-image-preview:large","max-video-preview":"max-video-preview:-1"},"canonical":"https:\/\/zakarpatbudbp.cz\/ru\/\u0440\u0438\u044d\u043b\u0442\u043e\u0440\u0441\u043a\u0430\u044f-\u0434\u0435\u044f\u0442\u0435\u043b\u044c\u043d\u043e\u0441\u0442\u044c\/","og_locale":"ru_RU","og_type":"article","og_title":"\u0420\u0438\u044d\u043b\u0442\u043e\u0440\u0441\u043a\u0430\u044f \u0434\u0435\u044f\u0442\u0435\u043b\u044c\u043d\u043e\u0441\u0442\u044c - Zarkaptbud B.P.","og_url":"https:\/\/zakarpatbudbp.cz\/ru\/\u0440\u0438\u044d\u043b\u0442\u043e\u0440\u0441\u043a\u0430\u044f-\u0434\u0435\u044f\u0442\u0435\u043b\u044c\u043d\u043e\u0441\u0442\u044c\/","og_site_name":"Zarkaptbud B.P.","twitter_card":"summary_large_image","schema":{"@context":"https:\/\/schema.org","@graph":[{"@type":"WebPage","@id":"https:\/\/zakarpatbudbp.cz\/ru\/%d1%80%d0%b8%d1%8d%d0%bb%d1%82%d0%be%d1%80%d1%81%d0%ba%d0%b0%d1%8f-%d0%b4%d0%b5%d1%8f%d1%82%d0%b5%d0%bb%d1%8c%d0%bd%d0%be%d1%81%d1%82%d1%8c\/","url":"https:\/\/zakarpatbudbp.cz\/ru\/%d1%80%d0%b8%d1%8d%d0%bb%d1%82%d0%be%d1%80%d1%81%d0%ba%d0%b0%d1%8f-%d0%b4%d0%b5%d1%8f%d1%82%d0%b5%d0%bb%d1%8c%d0%bd%d0%be%d1%81%d1%82%d1%8c\/","name":"\u0420\u0438\u044d\u043b\u0442\u043e\u0440\u0441\u043a\u0430\u044f \u0434\u0435\u044f\u0442\u0435\u043b\u044c\u043d\u043e\u0441\u0442\u044c - Zarkaptbud B.P.","isPartOf":{"@id":"https:\/\/zakarpatbudbp.cz\/#website"},"datePublished":"2017-08-19T10:49:42+00:00","breadcrumb":{"@id":"https:\/\/zakarpatbudbp.cz\/ru\/%d1%80%d0%b8%d1%8d%d0%bb%d1%82%d0%be%d1%80%d1%81%d0%ba%d0%b0%d1%8f-%d0%b4%d0%b5%d1%8f%d1%82%d0%b5%d0%bb%d1%8c%d0%bd%d0%be%d1%81%d1%82%d1%8c\/#breadcrumb"},"inLanguage":"ru-RU","potentialAction":[{"@type":"ReadAction","target":["https:\/\/zakarpatbudbp.cz\/ru\/%d1%80%d0%b8%d1%8d%d0%bb%d1%82%d0%be%d1%80%d1%81%d0%ba%d0%b0%d1%8f-%d0%b4%d0%b5%d1%8f%d1%82%d0%b5%d0%bb%d1%8c%d0%bd%d0%be%d1%81%d1%82%d1%8c\/"]}]},{"@type":"BreadcrumbList","@id":"https:\/\/zakarpatbudbp.cz\/ru\/%d1%80%d0%b8%d1%8d%d0%bb%d1%82%d0%be%d1%80%d1%81%d0%ba%d0%b0%d1%8f-%d0%b4%d0%b5%d1%8f%d1%82%d0%b5%d0%bb%d1%8c%d0%bd%d0%be%d1%81%d1%82%d1%8c\/#breadcrumb","itemListElement":[{"@type":"ListItem","position":1,"name":"Dom\u016f","item":"https:\/\/zakarpatbudbp.cz\/ru\/"},{"@type":"ListItem","position":2,"name":"\u0420\u0438\u044d\u043b\u0442\u043e\u0440\u0441\u043a\u0430\u044f \u0434\u0435\u044f\u0442\u0435\u043b\u044c\u043d\u043e\u0441\u0442\u044c"}]},{"@type":"WebSite","@id":"https:\/\/zakarpatbudbp.cz\/#website","url":"https:\/\/zakarpatbudbp.cz\/","name":"Zarkaptbud B.P.","description":"Firma s \u0161irok\u00fdm portfoliem slu\u017eeb","potentialAction":[{"@type":"SearchAction","target":{"@type":"EntryPoint","urlTemplate":"https:\/\/zakarpatbudbp.cz\/?s={search_term_string}"},"query-input":{"@type":"PropertyValueSpecification","valueRequired":true,"valueName":"search_term_string"}}],"inLanguage":"ru-RU"}]}},"_links":{"self":[{"href":"https:\/\/zakarpatbudbp.cz\/ru\/wp-json\/wp\/v2\/pages\/68","targetHints":{"allow":["GET"]}}],"collection":[{"href":"https:\/\/zakarpatbudbp.cz\/ru\/wp-json\/wp\/v2\/pages"}],"about":[{"href":"https:\/\/zakarpatbudbp.cz\/ru\/wp-json\/wp\/v2\/types\/page"}],"author":[{"embeddable":true,"href":"https:\/\/zakarpatbudbp.cz\/ru\/wp-json\/wp\/v2\/users\/1"}],"replies":[{"embeddable":true,"href":"https:\/\/zakarpatbudbp.cz\/ru\/wp-json\/wp\/v2\/comments?post=68"}],"version-history":[{"count":1,"href":"https:\/\/zakarpatbudbp.cz\/ru\/wp-json\/wp\/v2\/pages\/68\/revisions"}],"predecessor-version":[{"id":69,"href":"https:\/\/zakarpatbudbp.cz\/ru\/wp-json\/wp\/v2\/pages\/68\/revisions\/69"}],"wp:attachment":[{"href":"https:\/\/zakarpatbudbp.cz\/ru\/wp-json\/wp\/v2\/media?parent=68"}],"curies":[{"name":"wp","href":"https:\/\/api.w.org\/{rel}","templated":true}]}}