{"id":91,"date":"2017-08-19T12:56:51","date_gmt":"2017-08-19T10:56:51","guid":{"rendered":"https:\/\/zakarpatbudbp.cz\/?page_id=91\/"},"modified":"2017-08-19T12:56:51","modified_gmt":"2017-08-19T10:56:51","slug":"%d0%bf%d0%b5%d1%80%d0%b5%d0%b2%d0%b5%d0%b7%d0%b5%d0%bd%d0%bd%d1%8f-%d0%bf%d0%b0%d1%81%d0%b0%d0%b6%d0%b8%d1%80%d1%96%d0%b2","status":"publish","type":"page","link":"https:\/\/zakarpatbudbp.cz\/uk\/%d0%bf%d0%b5%d1%80%d0%b5%d0%b2%d0%b5%d0%b7%d0%b5%d0%bd%d0%bd%d1%8f-%d0%bf%d0%b0%d1%81%d0%b0%d0%b6%d0%b8%d1%80%d1%96%d0%b2\/","title":{"rendered":"\u041f\u0435\u0440\u0435\u0432\u0435\u0437\u0435\u043d\u043d\u044f \u043f\u0430\u0441\u0430\u0436\u0438\u0440\u0456\u0432"},"content":{"rendered":"","protected":false},"excerpt":{"rendered":"","protected":false},"author":1,"featured_media":0,"parent":0,"menu_order":0,"comment_status":"closed","ping_status":"closed","template":"template-preprava.php","meta":{"footnotes":""},"class_list":["post-91","page","type-page","status-publish","hentry"],"yoast_head":"<!-- This site is optimized with the Yoast SEO plugin v27.3 - https:\/\/yoast.com\/product\/yoast-seo-wordpress\/ -->\n<title>\u041f\u0435\u0440\u0435\u0432\u0435\u0437\u0435\u043d\u043d\u044f \u043f\u0430\u0441\u0430\u0436\u0438\u0440\u0456\u0432 - Zarkaptbud B.P.<\/title>\n<meta name=\"robots\" content=\"index, follow, max-snippet:-1, max-image-preview:large, max-video-preview:-1\" \/>\n<link rel=\"canonical\" href=\"https:\/\/zakarpatbudbp.cz\/uk\/\u043f\u0435\u0440\u0435\u0432\u0435\u0437\u0435\u043d\u043d\u044f-\u043f\u0430\u0441\u0430\u0436\u0438\u0440\u0456\u0432\/\" \/>\n<meta property=\"og:locale\" content=\"uk_UA\" \/>\n<meta property=\"og:type\" content=\"article\" \/>\n<meta property=\"og:title\" content=\"\u041f\u0435\u0440\u0435\u0432\u0435\u0437\u0435\u043d\u043d\u044f \u043f\u0430\u0441\u0430\u0436\u0438\u0440\u0456\u0432 - Zarkaptbud B.P.\" \/>\n<meta property=\"og:url\" content=\"https:\/\/zakarpatbudbp.cz\/uk\/\u043f\u0435\u0440\u0435\u0432\u0435\u0437\u0435\u043d\u043d\u044f-\u043f\u0430\u0441\u0430\u0436\u0438\u0440\u0456\u0432\/\" \/>\n<meta property=\"og:site_name\" content=\"Zarkaptbud B.P.\" \/>\n<meta name=\"twitter:card\" content=\"summary_large_image\" \/>\n<script type=\"application\/ld+json\" class=\"yoast-schema-graph\">{\"@context\":\"https:\\\/\\\/schema.org\",\"@graph\":[{\"@type\":\"WebPage\",\"@id\":\"https:\\\/\\\/zakarpatbudbp.cz\\\/uk\\\/%d0%bf%d0%b5%d1%80%d0%b5%d0%b2%d0%b5%d0%b7%d0%b5%d0%bd%d0%bd%d1%8f-%d0%bf%d0%b0%d1%81%d0%b0%d0%b6%d0%b8%d1%80%d1%96%d0%b2\\\/\",\"url\":\"https:\\\/\\\/zakarpatbudbp.cz\\\/uk\\\/%d0%bf%d0%b5%d1%80%d0%b5%d0%b2%d0%b5%d0%b7%d0%b5%d0%bd%d0%bd%d1%8f-%d0%bf%d0%b0%d1%81%d0%b0%d0%b6%d0%b8%d1%80%d1%96%d0%b2\\\/\",\"name\":\"\u041f\u0435\u0440\u0435\u0432\u0435\u0437\u0435\u043d\u043d\u044f \u043f\u0430\u0441\u0430\u0436\u0438\u0440\u0456\u0432 - Zarkaptbud B.P.\",\"isPartOf\":{\"@id\":\"https:\\\/\\\/zakarpatbudbp.cz\\\/#website\"},\"datePublished\":\"2017-08-19T10:56:51+00:00\",\"breadcrumb\":{\"@id\":\"https:\\\/\\\/zakarpatbudbp.cz\\\/uk\\\/%d0%bf%d0%b5%d1%80%d0%b5%d0%b2%d0%b5%d0%b7%d0%b5%d0%bd%d0%bd%d1%8f-%d0%bf%d0%b0%d1%81%d0%b0%d0%b6%d0%b8%d1%80%d1%96%d0%b2\\\/#breadcrumb\"},\"inLanguage\":\"uk-UA\",\"potentialAction\":[{\"@type\":\"ReadAction\",\"target\":[\"https:\\\/\\\/zakarpatbudbp.cz\\\/uk\\\/%d0%bf%d0%b5%d1%80%d0%b5%d0%b2%d0%b5%d0%b7%d0%b5%d0%bd%d0%bd%d1%8f-%d0%bf%d0%b0%d1%81%d0%b0%d0%b6%d0%b8%d1%80%d1%96%d0%b2\\\/\"]}]},{\"@type\":\"BreadcrumbList\",\"@id\":\"https:\\\/\\\/zakarpatbudbp.cz\\\/uk\\\/%d0%bf%d0%b5%d1%80%d0%b5%d0%b2%d0%b5%d0%b7%d0%b5%d0%bd%d0%bd%d1%8f-%d0%bf%d0%b0%d1%81%d0%b0%d0%b6%d0%b8%d1%80%d1%96%d0%b2\\\/#breadcrumb\",\"itemListElement\":[{\"@type\":\"ListItem\",\"position\":1,\"name\":\"Dom\u016f\",\"item\":\"https:\\\/\\\/zakarpatbudbp.cz\\\/uk\\\/\"},{\"@type\":\"ListItem\",\"position\":2,\"name\":\"\u041f\u0435\u0440\u0435\u0432\u0435\u0437\u0435\u043d\u043d\u044f \u043f\u0430\u0441\u0430\u0436\u0438\u0440\u0456\u0432\"}]},{\"@type\":\"WebSite\",\"@id\":\"https:\\\/\\\/zakarpatbudbp.cz\\\/#website\",\"url\":\"https:\\\/\\\/zakarpatbudbp.cz\\\/\",\"name\":\"Zarkaptbud B.P.\",\"description\":\"Firma s \u0161irok\u00fdm portfoliem slu\u017eeb\",\"potentialAction\":[{\"@type\":\"SearchAction\",\"target\":{\"@type\":\"EntryPoint\",\"urlTemplate\":\"https:\\\/\\\/zakarpatbudbp.cz\\\/?s={search_term_string}\"},\"query-input\":{\"@type\":\"PropertyValueSpecification\",\"valueRequired\":true,\"valueName\":\"search_term_string\"}}],\"inLanguage\":\"uk-UA\"}]}<\/script>\n<!-- \/ Yoast SEO plugin. -->","yoast_head_json":{"title":"\u041f\u0435\u0440\u0435\u0432\u0435\u0437\u0435\u043d\u043d\u044f \u043f\u0430\u0441\u0430\u0436\u0438\u0440\u0456\u0432 - Zarkaptbud B.P.","robots":{"index":"index","follow":"follow","max-snippet":"max-snippet:-1","max-image-preview":"max-image-preview:large","max-video-preview":"max-video-preview:-1"},"canonical":"https:\/\/zakarpatbudbp.cz\/uk\/\u043f\u0435\u0440\u0435\u0432\u0435\u0437\u0435\u043d\u043d\u044f-\u043f\u0430\u0441\u0430\u0436\u0438\u0440\u0456\u0432\/","og_locale":"uk_UA","og_type":"article","og_title":"\u041f\u0435\u0440\u0435\u0432\u0435\u0437\u0435\u043d\u043d\u044f \u043f\u0430\u0441\u0430\u0436\u0438\u0440\u0456\u0432 - Zarkaptbud B.P.","og_url":"https:\/\/zakarpatbudbp.cz\/uk\/\u043f\u0435\u0440\u0435\u0432\u0435\u0437\u0435\u043d\u043d\u044f-\u043f\u0430\u0441\u0430\u0436\u0438\u0440\u0456\u0432\/","og_site_name":"Zarkaptbud B.P.","twitter_card":"summary_large_image","schema":{"@context":"https:\/\/schema.org","@graph":[{"@type":"WebPage","@id":"https:\/\/zakarpatbudbp.cz\/uk\/%d0%bf%d0%b5%d1%80%d0%b5%d0%b2%d0%b5%d0%b7%d0%b5%d0%bd%d0%bd%d1%8f-%d0%bf%d0%b0%d1%81%d0%b0%d0%b6%d0%b8%d1%80%d1%96%d0%b2\/","url":"https:\/\/zakarpatbudbp.cz\/uk\/%d0%bf%d0%b5%d1%80%d0%b5%d0%b2%d0%b5%d0%b7%d0%b5%d0%bd%d0%bd%d1%8f-%d0%bf%d0%b0%d1%81%d0%b0%d0%b6%d0%b8%d1%80%d1%96%d0%b2\/","name":"\u041f\u0435\u0440\u0435\u0432\u0435\u0437\u0435\u043d\u043d\u044f \u043f\u0430\u0441\u0430\u0436\u0438\u0440\u0456\u0432 - Zarkaptbud B.P.","isPartOf":{"@id":"https:\/\/zakarpatbudbp.cz\/#website"},"datePublished":"2017-08-19T10:56:51+00:00","breadcrumb":{"@id":"https:\/\/zakarpatbudbp.cz\/uk\/%d0%bf%d0%b5%d1%80%d0%b5%d0%b2%d0%b5%d0%b7%d0%b5%d0%bd%d0%bd%d1%8f-%d0%bf%d0%b0%d1%81%d0%b0%d0%b6%d0%b8%d1%80%d1%96%d0%b2\/#breadcrumb"},"inLanguage":"uk-UA","potentialAction":[{"@type":"ReadAction","target":["https:\/\/zakarpatbudbp.cz\/uk\/%d0%bf%d0%b5%d1%80%d0%b5%d0%b2%d0%b5%d0%b7%d0%b5%d0%bd%d0%bd%d1%8f-%d0%bf%d0%b0%d1%81%d0%b0%d0%b6%d0%b8%d1%80%d1%96%d0%b2\/"]}]},{"@type":"BreadcrumbList","@id":"https:\/\/zakarpatbudbp.cz\/uk\/%d0%bf%d0%b5%d1%80%d0%b5%d0%b2%d0%b5%d0%b7%d0%b5%d0%bd%d0%bd%d1%8f-%d0%bf%d0%b0%d1%81%d0%b0%d0%b6%d0%b8%d1%80%d1%96%d0%b2\/#breadcrumb","itemListElement":[{"@type":"ListItem","position":1,"name":"Dom\u016f","item":"https:\/\/zakarpatbudbp.cz\/uk\/"},{"@type":"ListItem","position":2,"name":"\u041f\u0435\u0440\u0435\u0432\u0435\u0437\u0435\u043d\u043d\u044f \u043f\u0430\u0441\u0430\u0436\u0438\u0440\u0456\u0432"}]},{"@type":"WebSite","@id":"https:\/\/zakarpatbudbp.cz\/#website","url":"https:\/\/zakarpatbudbp.cz\/","name":"Zarkaptbud B.P.","description":"Firma s \u0161irok\u00fdm portfoliem slu\u017eeb","potentialAction":[{"@type":"SearchAction","target":{"@type":"EntryPoint","urlTemplate":"https:\/\/zakarpatbudbp.cz\/?s={search_term_string}"},"query-input":{"@type":"PropertyValueSpecification","valueRequired":true,"valueName":"search_term_string"}}],"inLanguage":"uk-UA"}]}},"_links":{"self":[{"href":"https:\/\/zakarpatbudbp.cz\/uk\/wp-json\/wp\/v2\/pages\/91","targetHints":{"allow":["GET"]}}],"collection":[{"href":"https:\/\/zakarpatbudbp.cz\/uk\/wp-json\/wp\/v2\/pages"}],"about":[{"href":"https:\/\/zakarpatbudbp.cz\/uk\/wp-json\/wp\/v2\/types\/page"}],"author":[{"embeddable":true,"href":"https:\/\/zakarpatbudbp.cz\/uk\/wp-json\/wp\/v2\/users\/1"}],"replies":[{"embeddable":true,"href":"https:\/\/zakarpatbudbp.cz\/uk\/wp-json\/wp\/v2\/comments?post=91"}],"version-history":[{"count":1,"href":"https:\/\/zakarpatbudbp.cz\/uk\/wp-json\/wp\/v2\/pages\/91\/revisions"}],"predecessor-version":[{"id":92,"href":"https:\/\/zakarpatbudbp.cz\/uk\/wp-json\/wp\/v2\/pages\/91\/revisions\/92"}],"wp:attachment":[{"href":"https:\/\/zakarpatbudbp.cz\/uk\/wp-json\/wp\/v2\/media?parent=91"}],"curies":[{"name":"wp","href":"https:\/\/api.w.org\/{rel}","templated":true}]}}