{"id":93,"date":"2017-08-19T12:57:09","date_gmt":"2017-08-19T10:57:09","guid":{"rendered":"https:\/\/zakarpatbudbp.cz\/?page_id=93\/"},"modified":"2017-08-19T12:57:09","modified_gmt":"2017-08-19T10:57:09","slug":"%d0%bf%d1%80%d0%be%d0%ba%d0%b0%d1%82-%d0%b0%d0%b2%d1%82%d0%be%d0%bc%d0%be%d0%b1%d1%96%d0%bb%d1%96%d0%b2-%d0%bd%d0%b0-%d0%b2%d0%b5%d1%81%d1%96%d0%bb%d0%bb%d1%8f","status":"publish","type":"page","link":"https:\/\/zakarpatbudbp.cz\/uk\/%d0%bf%d1%80%d0%be%d0%ba%d0%b0%d1%82-%d0%b0%d0%b2%d1%82%d0%be%d0%bc%d0%be%d0%b1%d1%96%d0%bb%d1%96%d0%b2-%d0%bd%d0%b0-%d0%b2%d0%b5%d1%81%d1%96%d0%bb%d0%bb%d1%8f\/","title":{"rendered":"\u041f\u0440\u043e\u043a\u0430\u0442 \u0430\u0432\u0442\u043e\u043c\u043e\u0431\u0456\u043b\u0456\u0432 \u043d\u0430 \u0432\u0435\u0441\u0456\u043b\u043b\u044f"},"content":{"rendered":"","protected":false},"excerpt":{"rendered":"","protected":false},"author":1,"featured_media":0,"parent":0,"menu_order":0,"comment_status":"closed","ping_status":"closed","template":"template-svatby.php","meta":{"footnotes":""},"class_list":["post-93","page","type-page","status-publish","hentry"],"yoast_head":"<!-- This site is optimized with the Yoast SEO plugin v27.3 - https:\/\/yoast.com\/product\/yoast-seo-wordpress\/ -->\n<title>\u041f\u0440\u043e\u043a\u0430\u0442 \u0430\u0432\u0442\u043e\u043c\u043e\u0431\u0456\u043b\u0456\u0432 \u043d\u0430 \u0432\u0435\u0441\u0456\u043b\u043b\u044f - Zarkaptbud B.P.<\/title>\n<meta name=\"robots\" content=\"index, follow, max-snippet:-1, max-image-preview:large, max-video-preview:-1\" \/>\n<link rel=\"canonical\" href=\"https:\/\/zakarpatbudbp.cz\/uk\/\u043f\u0440\u043e\u043a\u0430\u0442-\u0430\u0432\u0442\u043e\u043c\u043e\u0431\u0456\u043b\u0456\u0432-\u043d\u0430-\u0432\u0435\u0441\u0456\u043b\u043b\u044f\/\" \/>\n<meta property=\"og:locale\" content=\"uk_UA\" \/>\n<meta property=\"og:type\" content=\"article\" \/>\n<meta property=\"og:title\" content=\"\u041f\u0440\u043e\u043a\u0430\u0442 \u0430\u0432\u0442\u043e\u043c\u043e\u0431\u0456\u043b\u0456\u0432 \u043d\u0430 \u0432\u0435\u0441\u0456\u043b\u043b\u044f - Zarkaptbud B.P.\" \/>\n<meta property=\"og:url\" content=\"https:\/\/zakarpatbudbp.cz\/uk\/\u043f\u0440\u043e\u043a\u0430\u0442-\u0430\u0432\u0442\u043e\u043c\u043e\u0431\u0456\u043b\u0456\u0432-\u043d\u0430-\u0432\u0435\u0441\u0456\u043b\u043b\u044f\/\" \/>\n<meta property=\"og:site_name\" content=\"Zarkaptbud B.P.\" \/>\n<meta name=\"twitter:card\" content=\"summary_large_image\" \/>\n<script type=\"application\/ld+json\" class=\"yoast-schema-graph\">{\"@context\":\"https:\\\/\\\/schema.org\",\"@graph\":[{\"@type\":\"WebPage\",\"@id\":\"https:\\\/\\\/zakarpatbudbp.cz\\\/uk\\\/%d0%bf%d1%80%d0%be%d0%ba%d0%b0%d1%82-%d0%b0%d0%b2%d1%82%d0%be%d0%bc%d0%be%d0%b1%d1%96%d0%bb%d1%96%d0%b2-%d0%bd%d0%b0-%d0%b2%d0%b5%d1%81%d1%96%d0%bb%d0%bb%d1%8f\\\/\",\"url\":\"https:\\\/\\\/zakarpatbudbp.cz\\\/uk\\\/%d0%bf%d1%80%d0%be%d0%ba%d0%b0%d1%82-%d0%b0%d0%b2%d1%82%d0%be%d0%bc%d0%be%d0%b1%d1%96%d0%bb%d1%96%d0%b2-%d0%bd%d0%b0-%d0%b2%d0%b5%d1%81%d1%96%d0%bb%d0%bb%d1%8f\\\/\",\"name\":\"\u041f\u0440\u043e\u043a\u0430\u0442 \u0430\u0432\u0442\u043e\u043c\u043e\u0431\u0456\u043b\u0456\u0432 \u043d\u0430 \u0432\u0435\u0441\u0456\u043b\u043b\u044f - Zarkaptbud B.P.\",\"isPartOf\":{\"@id\":\"https:\\\/\\\/zakarpatbudbp.cz\\\/#website\"},\"datePublished\":\"2017-08-19T10:57:09+00:00\",\"breadcrumb\":{\"@id\":\"https:\\\/\\\/zakarpatbudbp.cz\\\/uk\\\/%d0%bf%d1%80%d0%be%d0%ba%d0%b0%d1%82-%d0%b0%d0%b2%d1%82%d0%be%d0%bc%d0%be%d0%b1%d1%96%d0%bb%d1%96%d0%b2-%d0%bd%d0%b0-%d0%b2%d0%b5%d1%81%d1%96%d0%bb%d0%bb%d1%8f\\\/#breadcrumb\"},\"inLanguage\":\"uk-UA\",\"potentialAction\":[{\"@type\":\"ReadAction\",\"target\":[\"https:\\\/\\\/zakarpatbudbp.cz\\\/uk\\\/%d0%bf%d1%80%d0%be%d0%ba%d0%b0%d1%82-%d0%b0%d0%b2%d1%82%d0%be%d0%bc%d0%be%d0%b1%d1%96%d0%bb%d1%96%d0%b2-%d0%bd%d0%b0-%d0%b2%d0%b5%d1%81%d1%96%d0%bb%d0%bb%d1%8f\\\/\"]}]},{\"@type\":\"BreadcrumbList\",\"@id\":\"https:\\\/\\\/zakarpatbudbp.cz\\\/uk\\\/%d0%bf%d1%80%d0%be%d0%ba%d0%b0%d1%82-%d0%b0%d0%b2%d1%82%d0%be%d0%bc%d0%be%d0%b1%d1%96%d0%bb%d1%96%d0%b2-%d0%bd%d0%b0-%d0%b2%d0%b5%d1%81%d1%96%d0%bb%d0%bb%d1%8f\\\/#breadcrumb\",\"itemListElement\":[{\"@type\":\"ListItem\",\"position\":1,\"name\":\"Dom\u016f\",\"item\":\"https:\\\/\\\/zakarpatbudbp.cz\\\/uk\\\/\"},{\"@type\":\"ListItem\",\"position\":2,\"name\":\"\u041f\u0440\u043e\u043a\u0430\u0442 \u0430\u0432\u0442\u043e\u043c\u043e\u0431\u0456\u043b\u0456\u0432 \u043d\u0430 \u0432\u0435\u0441\u0456\u043b\u043b\u044f\"}]},{\"@type\":\"WebSite\",\"@id\":\"https:\\\/\\\/zakarpatbudbp.cz\\\/#website\",\"url\":\"https:\\\/\\\/zakarpatbudbp.cz\\\/\",\"name\":\"Zarkaptbud B.P.\",\"description\":\"Firma s \u0161irok\u00fdm portfoliem slu\u017eeb\",\"potentialAction\":[{\"@type\":\"SearchAction\",\"target\":{\"@type\":\"EntryPoint\",\"urlTemplate\":\"https:\\\/\\\/zakarpatbudbp.cz\\\/?s={search_term_string}\"},\"query-input\":{\"@type\":\"PropertyValueSpecification\",\"valueRequired\":true,\"valueName\":\"search_term_string\"}}],\"inLanguage\":\"uk-UA\"}]}<\/script>\n<!-- \/ Yoast SEO plugin. -->","yoast_head_json":{"title":"\u041f\u0440\u043e\u043a\u0430\u0442 \u0430\u0432\u0442\u043e\u043c\u043e\u0431\u0456\u043b\u0456\u0432 \u043d\u0430 \u0432\u0435\u0441\u0456\u043b\u043b\u044f - Zarkaptbud B.P.","robots":{"index":"index","follow":"follow","max-snippet":"max-snippet:-1","max-image-preview":"max-image-preview:large","max-video-preview":"max-video-preview:-1"},"canonical":"https:\/\/zakarpatbudbp.cz\/uk\/\u043f\u0440\u043e\u043a\u0430\u0442-\u0430\u0432\u0442\u043e\u043c\u043e\u0431\u0456\u043b\u0456\u0432-\u043d\u0430-\u0432\u0435\u0441\u0456\u043b\u043b\u044f\/","og_locale":"uk_UA","og_type":"article","og_title":"\u041f\u0440\u043e\u043a\u0430\u0442 \u0430\u0432\u0442\u043e\u043c\u043e\u0431\u0456\u043b\u0456\u0432 \u043d\u0430 \u0432\u0435\u0441\u0456\u043b\u043b\u044f - Zarkaptbud B.P.","og_url":"https:\/\/zakarpatbudbp.cz\/uk\/\u043f\u0440\u043e\u043a\u0430\u0442-\u0430\u0432\u0442\u043e\u043c\u043e\u0431\u0456\u043b\u0456\u0432-\u043d\u0430-\u0432\u0435\u0441\u0456\u043b\u043b\u044f\/","og_site_name":"Zarkaptbud B.P.","twitter_card":"summary_large_image","schema":{"@context":"https:\/\/schema.org","@graph":[{"@type":"WebPage","@id":"https:\/\/zakarpatbudbp.cz\/uk\/%d0%bf%d1%80%d0%be%d0%ba%d0%b0%d1%82-%d0%b0%d0%b2%d1%82%d0%be%d0%bc%d0%be%d0%b1%d1%96%d0%bb%d1%96%d0%b2-%d0%bd%d0%b0-%d0%b2%d0%b5%d1%81%d1%96%d0%bb%d0%bb%d1%8f\/","url":"https:\/\/zakarpatbudbp.cz\/uk\/%d0%bf%d1%80%d0%be%d0%ba%d0%b0%d1%82-%d0%b0%d0%b2%d1%82%d0%be%d0%bc%d0%be%d0%b1%d1%96%d0%bb%d1%96%d0%b2-%d0%bd%d0%b0-%d0%b2%d0%b5%d1%81%d1%96%d0%bb%d0%bb%d1%8f\/","name":"\u041f\u0440\u043e\u043a\u0430\u0442 \u0430\u0432\u0442\u043e\u043c\u043e\u0431\u0456\u043b\u0456\u0432 \u043d\u0430 \u0432\u0435\u0441\u0456\u043b\u043b\u044f - Zarkaptbud B.P.","isPartOf":{"@id":"https:\/\/zakarpatbudbp.cz\/#website"},"datePublished":"2017-08-19T10:57:09+00:00","breadcrumb":{"@id":"https:\/\/zakarpatbudbp.cz\/uk\/%d0%bf%d1%80%d0%be%d0%ba%d0%b0%d1%82-%d0%b0%d0%b2%d1%82%d0%be%d0%bc%d0%be%d0%b1%d1%96%d0%bb%d1%96%d0%b2-%d0%bd%d0%b0-%d0%b2%d0%b5%d1%81%d1%96%d0%bb%d0%bb%d1%8f\/#breadcrumb"},"inLanguage":"uk-UA","potentialAction":[{"@type":"ReadAction","target":["https:\/\/zakarpatbudbp.cz\/uk\/%d0%bf%d1%80%d0%be%d0%ba%d0%b0%d1%82-%d0%b0%d0%b2%d1%82%d0%be%d0%bc%d0%be%d0%b1%d1%96%d0%bb%d1%96%d0%b2-%d0%bd%d0%b0-%d0%b2%d0%b5%d1%81%d1%96%d0%bb%d0%bb%d1%8f\/"]}]},{"@type":"BreadcrumbList","@id":"https:\/\/zakarpatbudbp.cz\/uk\/%d0%bf%d1%80%d0%be%d0%ba%d0%b0%d1%82-%d0%b0%d0%b2%d1%82%d0%be%d0%bc%d0%be%d0%b1%d1%96%d0%bb%d1%96%d0%b2-%d0%bd%d0%b0-%d0%b2%d0%b5%d1%81%d1%96%d0%bb%d0%bb%d1%8f\/#breadcrumb","itemListElement":[{"@type":"ListItem","position":1,"name":"Dom\u016f","item":"https:\/\/zakarpatbudbp.cz\/uk\/"},{"@type":"ListItem","position":2,"name":"\u041f\u0440\u043e\u043a\u0430\u0442 \u0430\u0432\u0442\u043e\u043c\u043e\u0431\u0456\u043b\u0456\u0432 \u043d\u0430 \u0432\u0435\u0441\u0456\u043b\u043b\u044f"}]},{"@type":"WebSite","@id":"https:\/\/zakarpatbudbp.cz\/#website","url":"https:\/\/zakarpatbudbp.cz\/","name":"Zarkaptbud B.P.","description":"Firma s \u0161irok\u00fdm portfoliem slu\u017eeb","potentialAction":[{"@type":"SearchAction","target":{"@type":"EntryPoint","urlTemplate":"https:\/\/zakarpatbudbp.cz\/?s={search_term_string}"},"query-input":{"@type":"PropertyValueSpecification","valueRequired":true,"valueName":"search_term_string"}}],"inLanguage":"uk-UA"}]}},"_links":{"self":[{"href":"https:\/\/zakarpatbudbp.cz\/uk\/wp-json\/wp\/v2\/pages\/93","targetHints":{"allow":["GET"]}}],"collection":[{"href":"https:\/\/zakarpatbudbp.cz\/uk\/wp-json\/wp\/v2\/pages"}],"about":[{"href":"https:\/\/zakarpatbudbp.cz\/uk\/wp-json\/wp\/v2\/types\/page"}],"author":[{"embeddable":true,"href":"https:\/\/zakarpatbudbp.cz\/uk\/wp-json\/wp\/v2\/users\/1"}],"replies":[{"embeddable":true,"href":"https:\/\/zakarpatbudbp.cz\/uk\/wp-json\/wp\/v2\/comments?post=93"}],"version-history":[{"count":1,"href":"https:\/\/zakarpatbudbp.cz\/uk\/wp-json\/wp\/v2\/pages\/93\/revisions"}],"predecessor-version":[{"id":94,"href":"https:\/\/zakarpatbudbp.cz\/uk\/wp-json\/wp\/v2\/pages\/93\/revisions\/94"}],"wp:attachment":[{"href":"https:\/\/zakarpatbudbp.cz\/uk\/wp-json\/wp\/v2\/media?parent=93"}],"curies":[{"name":"wp","href":"https:\/\/api.w.org\/{rel}","templated":true}]}}